{"id":153,"date":"2024-07-29T15:42:19","date_gmt":"2024-07-29T13:42:19","guid":{"rendered":"https:\/\/velomix.fr\/?page_id=153"},"modified":"2024-10-18T13:16:26","modified_gmt":"2024-10-18T11:16:26","slug":"ecomobilite","status":"publish","type":"page","link":"https:\/\/velomix.fr\/index.php\/ecomobilite\/","title":{"rendered":"Documentation des projets"},"content":{"rendered":"\n<figure class=\"wp-block-video\"><video height=\"1080\" style=\"aspect-ratio: 1920 \/ 1080;\" width=\"1920\" controls src=\"https:\/\/velomix.fr\/wp-content\/uploads\/2024\/10\/Teaser.mp4\"><\/video><\/figure>\n\n\n\n<h3 class=\"wp-block-heading has-pale-pink-color has-text-color has-link-color has-large-font-size wp-elements-2f27dbb3d3bffc8916a5f698536fe13a\">Pourquoi documenter les projets ? <\/h3>\n\n\n\n<p>V\u00e9loMix porte l&rsquo;ADN des <a href=\"https:\/\/labfab.fr\/\">labfabs<\/a> \u00e0 savoir \u00ab\u00a0le fait de d\u00e9velopper des pratiques ouvertes (Open source, Libre). Vecteurs d\u2019une culture du \u00ab faire \u00bb, les lieux entretiennent une mixit\u00e9 de projets et de profils d\u2019usager\u00b7es propices au d\u00e9veloppement de nouvelles pratiques novatrices et vertueuses. Les LabFabs s\u2019engagent ainsi \u00e0 diffuser ces pratiques aupr\u00e8s de leurs usager\u00b7es, de leurs membres et de leurs structures partenaires, en produisant de la documentation sous licences permissives (Creative Commons, Copyleft, GPL &#8230;). \u00ab\u00a0<\/p>\n\n\n\n<p class=\"has-text-align-right\"><em>extrait de la charte des Labfab<\/em><\/p>\n\n\n\n<h3 class=\"wp-block-heading has-pale-pink-color has-text-color has-link-color wp-elements-2098ac7e47dec11dd12786a14010aa6a\">O\u00f9 consulter la documentation ?<\/h3>\n\n\n\n<p>Les 6 projets port\u00e9s par les participants de V\u00e9loMix sont document\u00e9s sur WikiRennes en acc\u00e8s libre. Ils sont sous licence<strong> CC-by-nc<\/strong>. <\/p>\n\n\n\n<p>La licence CC-by-nc 4.0 permet toute exploitation de l\u2019\u0153uvre (partager, copier, reproduire, distribuer, communiquer, r\u00e9utiliser, adapter) par tous moyens, sous tous formats et sous toutes licences. Toutes les exploitations de l\u2019\u0153uvre ou des \u0153uvres d\u00e9riv\u00e9es, sauf \u00e0 des fins commerciales, sont possibles.<\/p>\n\n\n\n<div class=\"wp-block-columns is-layout-flex wp-container-core-columns-is-layout-9d6595d7 wp-block-columns-is-layout-flex\">\n<div class=\"wp-block-column is-layout-flow wp-block-column-is-layout-flow\" style=\"flex-basis:100%\">\n<div class=\"wp-block-buttons is-content-justification-center is-layout-flex wp-container-core-buttons-is-layout-16018d1d wp-block-buttons-is-layout-flex\">\n<div class=\"wp-block-button is-style-fill\"><a class=\"wp-block-button__link has-white-color has-pale-pink-background-color has-text-color has-background has-link-color has-text-align-center wp-element-button\" href=\"https:\/\/www.wiki-rennes.fr\/V%C3%A9loMix\"><strong>Acc\u00e8s documentation V\u00e9loMix<\/strong><\/a><\/div>\n<\/div>\n<\/div>\n<\/div>\n\n\n\n<p><\/p>\n","protected":false},"excerpt":{"rendered":"<p>Pourquoi documenter les projets ? V\u00e9loMix porte l&rsquo;ADN des labfabs \u00e0 savoir \u00ab\u00a0le fait de d\u00e9velopper des pratiques ouvertes (Open source, Libre). Vecteurs d\u2019une culture du \u00ab faire \u00bb, les&hellip;<\/p>\n","protected":false},"author":2,"featured_media":0,"parent":0,"menu_order":0,"comment_status":"closed","ping_status":"closed","template":"","meta":{"footnotes":""},"class_list":["post-153","page","type-page","status-publish","hentry"],"_links":{"self":[{"href":"https:\/\/velomix.fr\/index.php\/wp-json\/wp\/v2\/pages\/153","targetHints":{"allow":["GET"]}}],"collection":[{"href":"https:\/\/velomix.fr\/index.php\/wp-json\/wp\/v2\/pages"}],"about":[{"href":"https:\/\/velomix.fr\/index.php\/wp-json\/wp\/v2\/types\/page"}],"author":[{"embeddable":true,"href":"https:\/\/velomix.fr\/index.php\/wp-json\/wp\/v2\/users\/2"}],"replies":[{"embeddable":true,"href":"https:\/\/velomix.fr\/index.php\/wp-json\/wp\/v2\/comments?post=153"}],"version-history":[{"count":4,"href":"https:\/\/velomix.fr\/index.php\/wp-json\/wp\/v2\/pages\/153\/revisions"}],"predecessor-version":[{"id":301,"href":"https:\/\/velomix.fr\/index.php\/wp-json\/wp\/v2\/pages\/153\/revisions\/301"}],"wp:attachment":[{"href":"https:\/\/velomix.fr\/index.php\/wp-json\/wp\/v2\/media?parent=153"}],"curies":[{"name":"wp","href":"https:\/\/api.w.org\/{rel}","templated":true}]}}