{"id":2,"date":"2024-07-24T11:39:43","date_gmt":"2024-07-24T11:39:43","guid":{"rendered":"http:\/\/velomix.fr\/?page_id=2"},"modified":"2025-06-09T21:57:04","modified_gmt":"2025-06-09T19:57:04","slug":"sample-page","status":"publish","type":"page","link":"https:\/\/velomix.fr\/","title":{"rendered":"Pr\u00e9sentation"},"content":{"rendered":"\n<h2 class=\"wp-block-heading has-text-align-left has-vivid-purple-color has-text-color has-link-color has-large-font-size wp-elements-c4a7e399d03f779233fd6f1b17b78ada\">Le marathon cr\u00e9atif des mobilit\u00e9s durables.<\/h2>\n\n\n\n<p>V\u00e9loMix est un marathon cr\u00e9atif organis\u00e9 par <a href=\"https:\/\/www.imt-atlantique.fr\/fr\">IMT Atlantique<\/a>, le r\u00e9seau des <a href=\"https:\/\/labfab.fr\/\">LabFabs de Rennes<\/a> et <a href=\"https:\/\/metropole.rennes.fr\/\">Rennes M\u00e9tropole<\/a>.<\/p>\n\n\n\n<p>Cet \u00e9v\u00e8nement se concentre autour d&rsquo;une valeur forte : <strong>l&rsquo;open source<\/strong> pour constituer des communs et faciliter la reproduction des projets. C&rsquo;est pourquoi tous les projets seront <strong>document\u00e9s sous licence libre<\/strong>.<\/p>\n\n\n\n<p>Les inscriptions sont gratuites et ouverts \u00e0 tou\u00b7tes !<\/p>\n\n\n\n<h3 class=\"wp-block-heading has-text-align-left has-pale-pink-color has-text-color has-link-color has-medium-font-size wp-elements-7a346a0c662872046fdd13a42b9cc5cc\">Inscrivez-vous pour y participer les 16 et 17 septembre 2024<\/h3>\n\n\n\n<p>Vous serez accueilli\u00b7es \u00e0 l&rsquo;\u00e9cole d&rsquo;ing\u00e9nieur IMT Atlantique (2 rue de la Ch\u00e2taigneraie, 35510 Cesson-S\u00e9vign\u00e9) \u00e0 15 minutes en bus ou 25 minutes \u00e0 v\u00e9lo de la gare de Rennes.<\/p>\n\n\n\n<h3 class=\"wp-block-heading has-vivid-purple-color has-text-color has-link-color wp-elements-02ae2758f9f0a98c43c76f648c876e87\">6 ateliers de prototypage<\/h3>\n\n\n\n<ul class=\"wp-block-list\">\n<li>Fabrication d&rsquo;une \u00e9olienne <a href=\"https:\/\/velomix.fr\/index.php\/2024\/07\/25\/fabrication-dune-eolienne\/\" data-type=\"post\" data-id=\"60\">+ d&rsquo;info<\/a><\/li>\n\n\n\n<li>Conception d&rsquo;une balise de localisation pour v\u00e9hicule l\u00e9ger <a href=\"https:\/\/velomix.fr\/index.php\/2024\/07\/25\/fabrication-dune-balise-gps-pour-velo\/\">+ d&rsquo;info<\/a><\/li>\n\n\n\n<li>Fabrication d\u2019accessoires de v\u00e9lo upcycl\u00e9s <a href=\"https:\/\/velomix.fr\/index.php\/2024\/07\/25\/fabrication-daccessoires-de-velo-upcycles\/\">+ d&rsquo;info<\/a><\/li>\n\n\n\n<li>Conception d\u2019un pack batterie \u00e0 partir de cellules recycl\u00e9es <a href=\"https:\/\/velomix.fr\/index.php\/2024\/07\/25\/electrification-dun-velo-musculaire\/\">+ d&rsquo;info<\/a><\/li>\n\n\n\n<li>Fabrication d\u2019un chargeur universel pour v\u00e9lo <a href=\"https:\/\/velomix.fr\/index.php\/2024\/07\/25\/fabrication-dun-chargeur-pour-batterie-de-velo\/\">+ d&rsquo;info<\/a><\/li>\n\n\n\n<li>Conception d&rsquo;un pizza rack pour transport d&rsquo;objets volumineux  <a href=\"https:\/\/velomix.fr\/index.php\/2024\/07\/25\/fabrication-dun-velo-cargo\/\">+ d&rsquo;info<\/a><\/li>\n<\/ul>\n\n\n\n<hr class=\"wp-block-separator has-alpha-channel-opacity is-style-dots\"\/>\n\n\n\n<h4 class=\"wp-block-heading has-pale-pink-color has-text-color has-link-color wp-elements-94dc2c3b416387dcb02a68834bc29b22\"><\/h4>\n","protected":false},"excerpt":{"rendered":"<p>Le marathon cr\u00e9atif des mobilit\u00e9s durables. V\u00e9loMix est un marathon cr\u00e9atif organis\u00e9 par IMT Atlantique, le r\u00e9seau des LabFabs de Rennes et Rennes M\u00e9tropole. Cet \u00e9v\u00e8nement se concentre autour d&rsquo;une&hellip;<\/p>\n","protected":false},"author":1,"featured_media":0,"parent":0,"menu_order":0,"comment_status":"closed","ping_status":"open","template":"","meta":{"footnotes":""},"class_list":["post-2","page","type-page","status-publish","hentry"],"_links":{"self":[{"href":"https:\/\/velomix.fr\/index.php\/wp-json\/wp\/v2\/pages\/2","targetHints":{"allow":["GET"]}}],"collection":[{"href":"https:\/\/velomix.fr\/index.php\/wp-json\/wp\/v2\/pages"}],"about":[{"href":"https:\/\/velomix.fr\/index.php\/wp-json\/wp\/v2\/types\/page"}],"author":[{"embeddable":true,"href":"https:\/\/velomix.fr\/index.php\/wp-json\/wp\/v2\/users\/1"}],"replies":[{"embeddable":true,"href":"https:\/\/velomix.fr\/index.php\/wp-json\/wp\/v2\/comments?post=2"}],"version-history":[{"count":42,"href":"https:\/\/velomix.fr\/index.php\/wp-json\/wp\/v2\/pages\/2\/revisions"}],"predecessor-version":[{"id":304,"href":"https:\/\/velomix.fr\/index.php\/wp-json\/wp\/v2\/pages\/2\/revisions\/304"}],"wp:attachment":[{"href":"https:\/\/velomix.fr\/index.php\/wp-json\/wp\/v2\/media?parent=2"}],"curies":[{"name":"wp","href":"https:\/\/api.w.org\/{rel}","templated":true}]}}